{"id":82,"date":"2022-08-22T17:24:30","date_gmt":"2022-08-22T17:24:30","guid":{"rendered":"https:\/\/smthemebazar.com\/cycure\/?page_id=82"},"modified":"2024-12-13T18:30:41","modified_gmt":"2024-12-13T18:30:41","slug":"faq","status":"publish","type":"page","link":"https:\/\/kimoiptv.com\/de\/faq\/","title":{"rendered":"H\u00e4ufig gestellte Fragen"},"content":{"rendered":"<div data-elementor-type=\"wp-page\" data-elementor-id=\"82\" class=\"elementor elementor-82\">\n\t\t\t\t\t\t<section class=\"elementor-section elementor-top-section elementor-element elementor-element-f5355c3 elementor-section-boxed elementor-section-height-default elementor-section-height-default\" data-id=\"f5355c3\" data-element_type=\"section\" data-e-type=\"section\">\n\t\t\t\t\t\t<div class=\"elementor-container elementor-column-gap-default\">\n\t\t\t\t\t<div class=\"elementor-column elementor-col-100 elementor-top-column elementor-element elementor-element-096632b\" data-id=\"096632b\" data-element_type=\"column\" data-e-type=\"column\">\n\t\t\t<div class=\"elementor-widget-wrap elementor-element-populated\">\n\t\t\t\t\t\t<div class=\"elementor-element elementor-element-8a04809 elementor-widget elementor-widget-tp-faq\" data-id=\"8a04809\" data-element_type=\"widget\" data-e-type=\"widget\" data-widget_type=\"tp-faq.default\">\n\t\t\t\t<div class=\"elementor-widget-container\">\n\t\t\t\t\t\r\n\t\t<!-- faq-area -->\r\n\t\t<section class=\"faq-area faq-padding\">\r\n\t\t\t<div class=\"container\">\r\n\t\t\t\t\t\t\t\t<div class=\"row justify-content-center justify-content-xl-between\">\r\n\r\n\t\t\t\t\t\t\t\t\t\t<div class=\"col-xl-4 col-lg-8\">\r\n\t\t\t\t\t\t<div class=\"section-title text-center text-xl-start mb-40\">\r\n\t\t\t\t\t\t\t<h2 class=\"title\">Wie profitiere ich von meinem IPTV-Abonnement?\n<\/h2>\t\t\t\t\t\t<\/div>\r\n\r\n\t\t\t\t\t\t\r\n\t\t\t\t\t<\/div>\r\n\t\t\t\t\t\r\n\t\t\t\t\t\t\t\t\t\t<div class=\"col-xl-7 col-lg-10\">\r\n\t\t\t\t\t\t<div class=\"accordion\" id=\"accordionExample\">\r\n\r\n\t\t\t\t\t\t\t\t\t\t\t\t\t\t<div class=\"accordion-item\">\r\n\t\t\t\t\t\t\t\t<h2 class=\"accordion-header\" id=\"headingOne-0\">\r\n\t\t\t\t\t\t\t\t\t<button class=\"accordion-button\" type=\"button\" data-bs-toggle=\"collapse\" data-bs-target=\"#collapseOne-0\" aria-expanded=\"true\" aria-controls=\"collapseOne-0\">\r\n\t\t\t\t\t\t\t\t\t\t01. Wie viele Ger\u00e4te kann ich gleichzeitig mit einem Abonnement verwenden?\t\t\t\t\t\t\t\t\t\t<span class=\"line\"><\/span>\r\n\t\t\t\t\t\t\t\t\t<\/button>\r\n\t\t\t\t\t\t\t\t<\/h2>\r\n\t\t\t\t\t\t\t\t<div id=\"collapseOne-0\" class=\"accordion-collapse collapse show\" aria-labelledby=\"headingOne-0\" data-bs-parent=\"#accordionExample\">\r\n\t\t\t\t\t\t\t\t\t<div class=\"accordion-body\">\r\n\t\t\t\t\t\t\t\t\t\t<p>Mit einem einzelnen Abonnement kann nur ein Ger\u00e4t gleichzeitig Inhalte streamen.\nWenn Sie jedoch mehrere Ger\u00e4te gleichzeitig nutzen m\u00f6chten, k\u00f6nnen Sie zus\u00e4tzliche Verbindungen bei KIMO IPTV erwerben.\n\n<\/p>\r\n\t\t\t\t\t\t\t\t\t<\/div>\r\n\t\t\t\t\t\t\t\t<\/div>\r\n\t\t\t\t\t\t\t<\/div>\r\n\t\t\t\t\t\t\t\t\t\t\t\t\t\t<div class=\"accordion-item\">\r\n\t\t\t\t\t\t\t\t<h2 class=\"accordion-header\" id=\"headingOne-1\">\r\n\t\t\t\t\t\t\t\t\t<button class=\"accordion-button collapsed\" type=\"button\" data-bs-toggle=\"collapse\" data-bs-target=\"#collapseOne-1\" aria-expanded=\"true\" aria-controls=\"collapseOne-1\">\r\n\t\t\t\t\t\t\t\t\t\t02. Die Filme\/Serien, die ich sehen m\u00f6chte, sind nicht in der Liste. Wie kann ich sie anfordern?\t\t\t\t\t\t\t\t\t\t<span class=\"line\"><\/span>\r\n\t\t\t\t\t\t\t\t\t<\/button>\r\n\t\t\t\t\t\t\t\t<\/h2>\r\n\t\t\t\t\t\t\t\t<div id=\"collapseOne-1\" class=\"accordion-collapse collapse\" aria-labelledby=\"headingOne-1\" data-bs-parent=\"#accordionExample\">\r\n\t\t\t\t\t\t\t\t\t<div class=\"accordion-body\">\r\n\t\t\t\t\t\t\t\t\t\t<p>Bitte wenden Sie sich an unser Live-Support-Team oder senden Sie uns eine E-Mail.\nWir werden unser Bestes tun, den gew\u00fcnschten Film oder die Serie hinzuzuf\u00fcgen, sofern diese verf\u00fcgbar ist.<\/p>\r\n\t\t\t\t\t\t\t\t\t<\/div>\r\n\t\t\t\t\t\t\t\t<\/div>\r\n\t\t\t\t\t\t\t<\/div>\r\n\t\t\t\t\t\t\t\t\t\t\t\t\t\t<div class=\"accordion-item\">\r\n\t\t\t\t\t\t\t\t<h2 class=\"accordion-header\" id=\"headingOne-2\">\r\n\t\t\t\t\t\t\t\t\t<button class=\"accordion-button collapsed\" type=\"button\" data-bs-toggle=\"collapse\" data-bs-target=\"#collapseOne-2\" aria-expanded=\"true\" aria-controls=\"collapseOne-2\">\r\n\t\t\t\t\t\t\t\t\t\t03. Wird mein Abonnement automatisch verl\u00e4ngert?\t\t\t\t\t\t\t\t\t\t<span class=\"line\"><\/span>\r\n\t\t\t\t\t\t\t\t\t<\/button>\r\n\t\t\t\t\t\t\t\t<\/h2>\r\n\t\t\t\t\t\t\t\t<div id=\"collapseOne-2\" class=\"accordion-collapse collapse\" aria-labelledby=\"headingOne-2\" data-bs-parent=\"#accordionExample\">\r\n\t\t\t\t\t\t\t\t\t<div class=\"accordion-body\">\r\n\t\t\t\t\t\t\t\t\t\t<p>Um einen ununterbrochenen Zugang zu unserem IPTV-Dienst zu gew\u00e4hrleisten, werden wir Sie per E-Mail oder WhatsApp kontaktieren, um die Verl\u00e4ngerung Ihres Abonnements zu erleichtern, sobald das Ablaufdatum n\u00e4her r\u00fcckt.\n\n<\/p>\r\n\t\t\t\t\t\t\t\t\t<\/div>\r\n\t\t\t\t\t\t\t\t<\/div>\r\n\t\t\t\t\t\t\t<\/div>\r\n\t\t\t\t\t\t\t\t\t\t\t\t\t\t<div class=\"accordion-item\">\r\n\t\t\t\t\t\t\t\t<h2 class=\"accordion-header\" id=\"headingOne-3\">\r\n\t\t\t\t\t\t\t\t\t<button class=\"accordion-button collapsed\" type=\"button\" data-bs-toggle=\"collapse\" data-bs-target=\"#collapseOne-3\" aria-expanded=\"true\" aria-controls=\"collapseOne-3\">\r\n\t\t\t\t\t\t\t\t\t\t04. Wie erhalte ich mein Abonnement?\t\t\t\t\t\t\t\t\t\t<span class=\"line\"><\/span>\r\n\t\t\t\t\t\t\t\t\t<\/button>\r\n\t\t\t\t\t\t\t\t<\/h2>\r\n\t\t\t\t\t\t\t\t<div id=\"collapseOne-3\" class=\"accordion-collapse collapse\" aria-labelledby=\"headingOne-3\" data-bs-parent=\"#accordionExample\">\r\n\t\t\t\t\t\t\t\t\t<div class=\"accordion-body\">\r\n\t\t\t\t\t\t\t\t\t\t<p>Sie erhalten Ihr Abonnement automatisch per E-Mail, geben Sie einfach eine korrekte E-Mail-Adresse im Formular an.\nAlternativ k\u00f6nnen Sie es auch \u00fcber WhatsApp erhalten. Falls Sie Fragen haben, k\u00f6nnen Sie uns ebenfalls \u00fcber WhatsApp kontaktieren.\n\n<\/p>\r\n\t\t\t\t\t\t\t\t\t<\/div>\r\n\t\t\t\t\t\t\t\t<\/div>\r\n\t\t\t\t\t\t\t<\/div>\r\n\t\t\t\t\t\t\t\t\t\t\t\t\t\t<div class=\"accordion-item\">\r\n\t\t\t\t\t\t\t\t<h2 class=\"accordion-header\" id=\"headingOne-4\">\r\n\t\t\t\t\t\t\t\t\t<button class=\"accordion-button collapsed\" type=\"button\" data-bs-toggle=\"collapse\" data-bs-target=\"#collapseOne-4\" aria-expanded=\"true\" aria-controls=\"collapseOne-4\">\r\n\t\t\t\t\t\t\t\t\t\t05. Welche Zahlungsm\u00f6glichkeiten gibt es?\t\t\t\t\t\t\t\t\t\t<span class=\"line\"><\/span>\r\n\t\t\t\t\t\t\t\t\t<\/button>\r\n\t\t\t\t\t\t\t\t<\/h2>\r\n\t\t\t\t\t\t\t\t<div id=\"collapseOne-4\" class=\"accordion-collapse collapse\" aria-labelledby=\"headingOne-4\" data-bs-parent=\"#accordionExample\">\r\n\t\t\t\t\t\t\t\t\t<div class=\"accordion-body\">\r\n\t\t\t\t\t\t\t\t\t\t<p>Wir bieten Ihnen mehrere sichere Zahlungsm\u00f6glichkeiten an, darunter Kreditkarte, PayPal und Kryptow\u00e4hrung.\nSeien Sie versichert, es gibt keine versteckten Geb\u00fchren, und alle Zahlungen werden \u00fcber ein sicheres Gateway abgewickelt, um Ihre Sicherheit zu gew\u00e4hrleisten.\n\n<\/p>\r\n\t\t\t\t\t\t\t\t\t<\/div>\r\n\t\t\t\t\t\t\t\t<\/div>\r\n\t\t\t\t\t\t\t<\/div>\r\n\t\t\t\t\t\t\t\t\t\t\t\t\t\t<div class=\"accordion-item\">\r\n\t\t\t\t\t\t\t\t<h2 class=\"accordion-header\" id=\"headingOne-5\">\r\n\t\t\t\t\t\t\t\t\t<button class=\"accordion-button collapsed\" type=\"button\" data-bs-toggle=\"collapse\" data-bs-target=\"#collapseOne-5\" aria-expanded=\"true\" aria-controls=\"collapseOne-5\">\r\n\t\t\t\t\t\t\t\t\t\t06. Wie sieht es mit R\u00fcckerstattungen aus?\t\t\t\t\t\t\t\t\t\t<span class=\"line\"><\/span>\r\n\t\t\t\t\t\t\t\t\t<\/button>\r\n\t\t\t\t\t\t\t\t<\/h2>\r\n\t\t\t\t\t\t\t\t<div id=\"collapseOne-5\" class=\"accordion-collapse collapse\" aria-labelledby=\"headingOne-5\" data-bs-parent=\"#accordionExample\">\r\n\t\t\t\t\t\t\t\t\t<div class=\"accordion-body\">\r\n\t\t\t\t\t\t\t\t\t\t<p>Mit einem einzelnen Abonnement kann nur ein Ger\u00e4t gleichzeitig Inhalte streamen.\nWenn Sie jedoch mehrere Ger\u00e4te gleichzeitig nutzen m\u00f6chten, k\u00f6nnen Sie zus\u00e4tzliche Verbindungen bei KIMO IPTV erwerben.\n<\/p>\r\n\t\t\t\t\t\t\t\t\t<\/div>\r\n\t\t\t\t\t\t\t\t<\/div>\r\n\t\t\t\t\t\t\t<\/div>\r\n\t\t\t\t\t\t\t\r\n\t\t\t\t\t\t<\/div>\r\n\t\t\t\t\t<\/div>\r\n\t\t\t\t<\/div>\r\n\t\t\t<\/div>\r\n\t\t<\/section>\r\n\t\t<!-- faq-area-end -->\r\n\r\n\t\t\t\t\t\t<\/div>\n\t\t\t\t<\/div>\n\t\t\t\t\t<\/div>\n\t\t<\/div>\n\t\t\t\t\t<\/div>\n\t\t<\/section>\n\t\t\t\t<\/div>","protected":false},"excerpt":{"rendered":"<p>Comment profiter de mon abonnement iptv ? 01. What is the maximum number of devices I may use at once with a subscription? One device can stream content at once with a single subscription. However, if you want to utilize many devices at once, you can buy more connections.with KIMO IPTV 02. The films\/series I [&hellip;]<\/p>","protected":false},"author":1,"featured_media":0,"parent":0,"menu_order":0,"comment_status":"closed","ping_status":"closed","template":"elementor_header_footer","meta":{"_acf_changed":false,"_monsterinsights_skip_tracking":false,"_monsterinsights_sitenote_active":false,"_monsterinsights_sitenote_note":"","_monsterinsights_sitenote_category":0,"footnotes":""},"class_list":["post-82","page","type-page","status-publish","hentry"],"acf":[],"jetpack_sharing_enabled":true,"_links":{"self":[{"href":"https:\/\/kimoiptv.com\/de\/wp-json\/wp\/v2\/pages\/82","targetHints":{"allow":["GET"]}}],"collection":[{"href":"https:\/\/kimoiptv.com\/de\/wp-json\/wp\/v2\/pages"}],"about":[{"href":"https:\/\/kimoiptv.com\/de\/wp-json\/wp\/v2\/types\/page"}],"author":[{"embeddable":true,"href":"https:\/\/kimoiptv.com\/de\/wp-json\/wp\/v2\/users\/1"}],"replies":[{"embeddable":true,"href":"https:\/\/kimoiptv.com\/de\/wp-json\/wp\/v2\/comments?post=82"}],"version-history":[{"count":5,"href":"https:\/\/kimoiptv.com\/de\/wp-json\/wp\/v2\/pages\/82\/revisions"}],"predecessor-version":[{"id":1312,"href":"https:\/\/kimoiptv.com\/de\/wp-json\/wp\/v2\/pages\/82\/revisions\/1312"}],"wp:attachment":[{"href":"https:\/\/kimoiptv.com\/de\/wp-json\/wp\/v2\/media?parent=82"}],"curies":[{"name":"wp","href":"https:\/\/api.w.org\/{rel}","templated":true}]}}