{"id":1036,"date":"2024-12-07T16:40:18","date_gmt":"2024-12-07T16:40:18","guid":{"rendered":"https:\/\/kimoiptv.com\/?post_type=product&#038;p=1036"},"modified":"2026-03-27T19:38:54","modified_gmt":"2026-03-27T19:38:54","slug":"12-months-iptv","status":"publish","type":"product","link":"https:\/\/kimoiptv.com\/de\/produkt\/12-months-iptv\/","title":{"rendered":"12 Monate IPTV"},"content":{"rendered":"<p class=\"translation-block\"><strong>\u2022 12 Monate Abonnement<\/strong><br>\n<strong>\u2022 Sofortige Lieferung per E-Mail<\/strong><br>\n<strong>\u2022 Catch-Up \/ EPG f\u00fcr alle Kan\u00e4le in Deutschland, Europa, den USA, Kanada und dar\u00fcber hinaus<\/strong><br>\n<strong>\u2022 KOSTENLOSE Kanal- und VOD-Updates<\/strong><br>\n<strong>\u2022 1 Verbindung<\/strong><br>\n<strong>\u2022 Vollst\u00e4ndig kompatibel mit allen Ger\u00e4ten<\/strong>: Genie\u00dfen Sie unbegrenzte Unterhaltung auf Smart-TVs, TV-Boxen, Smartphones, Computern, Tablets und mehr. Greifen Sie auf Ihre Lieblingsinhalte zu, wo immer Sie sind und auf jedem Ger\u00e4t \u2013 perfekt f\u00fcr Zuschauer in Deutschland, ganz Europa und weltweit!<\/p>","protected":false},"excerpt":{"rendered":"<p>\u2022 12 Months Subscription \u2022 Instant Delivery via Email \u2022 Catch-Up \/ EPG for All Channels in Germany, Europe, USA, Canada, and Beyond \u2022 FREE Channel &amp; VOD Updates \u2022 1 Connection \u2022 Fully Compatible with All Devices: Enjoy unlimited entertainment on Smart TVs, TV boxes, smartphones, computers, tablets, and more. Access your favorite content [&hellip;]<\/p>","protected":false},"featured_media":1037,"comment_status":"open","ping_status":"closed","template":"","meta":{"_acf_changed":false,"_monsterinsights_skip_tracking":false,"_monsterinsights_sitenote_active":false,"_monsterinsights_sitenote_note":"","_monsterinsights_sitenote_category":0},"product_brand":[],"product_cat":[53],"product_tag":[],"class_list":{"0":"post-1036","1":"product","2":"type-product","3":"status-publish","4":"has-post-thumbnail","6":"product_cat-renew","8":"first","9":"instock","10":"virtual","11":"purchasable","12":"product-type-simple"},"acf":[],"jetpack_sharing_enabled":true,"_links":{"self":[{"href":"https:\/\/kimoiptv.com\/de\/wp-json\/wp\/v2\/product\/1036","targetHints":{"allow":["GET"]}}],"collection":[{"href":"https:\/\/kimoiptv.com\/de\/wp-json\/wp\/v2\/product"}],"about":[{"href":"https:\/\/kimoiptv.com\/de\/wp-json\/wp\/v2\/types\/product"}],"replies":[{"embeddable":true,"href":"https:\/\/kimoiptv.com\/de\/wp-json\/wp\/v2\/comments?post=1036"}],"wp:featuredmedia":[{"embeddable":true,"href":"https:\/\/kimoiptv.com\/de\/wp-json\/wp\/v2\/media\/1037"}],"wp:attachment":[{"href":"https:\/\/kimoiptv.com\/de\/wp-json\/wp\/v2\/media?parent=1036"}],"wp:term":[{"taxonomy":"product_brand","embeddable":true,"href":"https:\/\/kimoiptv.com\/de\/wp-json\/wp\/v2\/product_brand?post=1036"},{"taxonomy":"product_cat","embeddable":true,"href":"https:\/\/kimoiptv.com\/de\/wp-json\/wp\/v2\/product_cat?post=1036"},{"taxonomy":"product_tag","embeddable":true,"href":"https:\/\/kimoiptv.com\/de\/wp-json\/wp\/v2\/product_tag?post=1036"}],"curies":[{"name":"wp","href":"https:\/\/api.w.org\/{rel}","templated":true}]}}