{"id":1071,"date":"2024-12-07T19:19:10","date_gmt":"2024-12-07T19:19:10","guid":{"rendered":"https:\/\/kimoiptv.com\/?post_type=product&#038;p=1071"},"modified":"2024-12-28T21:21:23","modified_gmt":"2024-12-28T21:21:23","slug":"6-months-subscription-with-3-connections","status":"publish","type":"product","link":"https:\/\/kimoiptv.com\/de\/produkt\/6-months-subscription-with-3-connections\/","title":{"rendered":"6 Months Subscription With 3 Connections"},"content":{"rendered":"<p class=\"translation-block\"><strong>\u2022 6-Monats-Abonnement<\/strong><br>\n<strong>\u2022 Sofortige Lieferung per E-Mail<\/strong><br>\n<strong>\u2022 Catch-Up \/ EPG f\u00fcr alle Kan\u00e4le in Deutschland, Europa, den USA, Kanada und dar\u00fcber hinaus<\/strong><br>\n<strong>\u2022 KOSTENLOSE Kanal- und VOD-Updates<\/strong><br>\n<strong>\u2022 3 Verbindungen (3 Benutzer)<\/strong><br>\n<strong>\u2022 Kompatibel mit allen Ger\u00e4ten<\/strong>: Genie\u00dfen Sie unbegrenzte Unterhaltung auf Smart-TVs, TV-Boxen, Smartphones, Computern, Tablets und mehr. Greifen Sie auf Ihre Lieblingsinhalte zu, egal wo Sie sich befinden und auf welchem Ger\u00e4t\u2014perfekt f\u00fcr Zuschauer in Deutschland, in ganz Europa und weltweit!<\/p>","protected":false},"excerpt":{"rendered":"<p>\u2022 6 Months Subscription \u2022 Instant Delivery via Email \u2022 Catch-Up \/ EPG for All Channels in Germany, Europe, USA, Canada, and Beyond \u2022 FREE Channel &amp; VOD Updates \u2022 3 Connections (3 users) \u2022 Fully Compatible with All Devices: Enjoy unlimited entertainment on Smart TVs, TV boxes, smartphones, computers, tablets, and more. Access your [&hellip;]<\/p>","protected":false},"featured_media":1072,"comment_status":"open","ping_status":"closed","template":"","meta":{"_acf_changed":false,"_monsterinsights_skip_tracking":false,"_monsterinsights_sitenote_active":false,"_monsterinsights_sitenote_note":"","_monsterinsights_sitenote_category":0},"product_brand":[],"product_cat":[16],"product_tag":[],"class_list":{"0":"post-1071","1":"product","2":"type-product","3":"status-publish","4":"has-post-thumbnail","6":"product_cat-multiroom","8":"first","9":"instock","10":"virtual","11":"purchasable","12":"product-type-simple"},"acf":[],"jetpack_sharing_enabled":true,"_links":{"self":[{"href":"https:\/\/kimoiptv.com\/de\/wp-json\/wp\/v2\/product\/1071","targetHints":{"allow":["GET"]}}],"collection":[{"href":"https:\/\/kimoiptv.com\/de\/wp-json\/wp\/v2\/product"}],"about":[{"href":"https:\/\/kimoiptv.com\/de\/wp-json\/wp\/v2\/types\/product"}],"replies":[{"embeddable":true,"href":"https:\/\/kimoiptv.com\/de\/wp-json\/wp\/v2\/comments?post=1071"}],"wp:featuredmedia":[{"embeddable":true,"href":"https:\/\/kimoiptv.com\/de\/wp-json\/wp\/v2\/media\/1072"}],"wp:attachment":[{"href":"https:\/\/kimoiptv.com\/de\/wp-json\/wp\/v2\/media?parent=1071"}],"wp:term":[{"taxonomy":"product_brand","embeddable":true,"href":"https:\/\/kimoiptv.com\/de\/wp-json\/wp\/v2\/product_brand?post=1071"},{"taxonomy":"product_cat","embeddable":true,"href":"https:\/\/kimoiptv.com\/de\/wp-json\/wp\/v2\/product_cat?post=1071"},{"taxonomy":"product_tag","embeddable":true,"href":"https:\/\/kimoiptv.com\/de\/wp-json\/wp\/v2\/product_tag?post=1071"}],"curies":[{"name":"wp","href":"https:\/\/api.w.org\/{rel}","templated":true}]}}